{"id":119,"date":"2024-02-29T10:34:28","date_gmt":"2024-02-29T10:34:28","guid":{"rendered":"https:\/\/icar.co.mz\/GMAP\/?page_id=119"},"modified":"2024-04-04T14:24:41","modified_gmt":"2024-04-04T14:24:41","slug":"sobre-o-projecto","status":"publish","type":"page","link":"https:\/\/icar.co.mz\/GMAP\/index.php\/sobre-o-projecto\/","title":{"rendered":"Sobre o projecto"},"content":{"rendered":"\n<p><strong><strong>Refor\u00e7o do acesso ao mercado &#8211; componente importante para o desenvolvimento inclusivo e sustent\u00e1vel<\/strong><\/strong><\/p>\n\n\n\n<p>O projeto Acesso ao Mercado dos Produtos da Aquacultura Mo\u00e7ambicana (MAMAP), presta apoio ao Pa\u00eds na abordagem dos desafios enfrentados pelo sector da aquacultura de Mo\u00e7ambique e promover o desenvolvimento inclusivo e sustent\u00e1vel, procurando:<\/p>\n\n\n\n<figure class=\"wp-block-image size-full\"><img fetchpriority=\"high\" decoding=\"async\" width=\"730\" height=\"312\" src=\"https:\/\/icar.co.mz\/GMAP\/wp-content\/uploads\/2024\/03\/Sobre-o-projecto-01.jpg\" alt=\"\" class=\"wp-image-197\" srcset=\"https:\/\/icar.co.mz\/GMAP\/wp-content\/uploads\/2024\/03\/Sobre-o-projecto-01.jpg 730w, https:\/\/icar.co.mz\/GMAP\/wp-content\/uploads\/2024\/03\/Sobre-o-projecto-01-300x128.jpg 300w\" sizes=\"(max-width: 730px) 100vw, 730px\" \/><\/figure>\n\n\n\n<p><strong>Melhorar os padr\u00f5es de qualidade:<\/strong> Ao ajudar as Pequenas e M\u00e9dias Empresas (PMEs) de aquacultura mo\u00e7ambicanas a cumprir os padr\u00f5es de qualidade internacionais, tais como os da Organiza\u00e7\u00e3o Internacional de Normaliza\u00e7\u00e3o (ISO), o projeto MAMAP ajuda a melhorar a reputa\u00e7\u00e3o e a competitividade dos produtos de aquacultura mo\u00e7ambicanos no mercado global. Isto n\u00e3o s\u00f3 facilita o acesso aos mercados internacionais, mas tamb\u00e9m transmite confian\u00e7a entre os consumidores relativamente \u00e0 seguran\u00e7a e qualidade dos produtos de aquacultura mo\u00e7ambicana.<\/p>\n\n\n\n<p><strong>Melhorar o acesso ao mercado:<\/strong> O refor\u00e7o da capacidade das PMEs de aquacultura para cumprir os requisitos do mercado \u00e9 crucial para o acesso aos mercados internacionais. Ao fornecer apoio a este respeito, o projeto MAMAP permite que as PMEs de aquacultura mo\u00e7ambicanas ultrapassem as barreiras \u00e0 entrada no mercado, expandindo assim o seu alcance de mercado e potencial de exporta\u00e7\u00e3o. Isto, por sua vez, contribui para o crescimento econ\u00f3mico, aumentando as oportunidades comerciais e as receitas em divisas.<\/p>\n\n\n\n<p><strong>Gera\u00e7\u00e3o de emprego:<\/strong> O desenvolvimento do sector da aquacultura tem o potencial de gerar oportunidades de emprego, particularmente nas \u00e1reas rurais onde as actividades de aquacultura est\u00e3o frequentemente concentradas. \u00c0 medida que as PMEs mo\u00e7ambicanas de aquacultura se tornam mais competitivas e expandem as suas opera\u00e7\u00f5es para satisfazer a crescente procura do mercado, criam empregos n\u00e3o s\u00f3 dentro do sector mas tamb\u00e9m em ind\u00fastrias relacionadas, tais como transporte, embalagem e retalho.<\/p>\n\n\n\n<p><strong>Impulsionar as economias locais:<\/strong> O aumento dos n\u00edveis de produ\u00e7\u00e3o e das exporta\u00e7\u00f5es no sector da aquacultura tem efeitos positivos nas economias locais. \u00c0 medida que as PME de aquacultura prosperam e crescem, estimulam a procura de bens e servi\u00e7os de fornecedores locais, promovendo assim liga\u00e7\u00f5es econ\u00f3micas e apoiando o desenvolvimento de ind\u00fastrias auxiliares. Este efeito multiplicador pode contribuir para o desenvolvimento econ\u00f3mico global e para a redu\u00e7\u00e3o da pobreza em Mo\u00e7ambique.<\/p>\n\n\n\n<p><strong>Promo\u00e7\u00e3o do desenvolvimento sustent\u00e1vel:<\/strong> Ao promover a ades\u00e3o aos padr\u00f5es internacionais e \u00e0s melhores pr\u00e1ticas, o projeto MAMAP encoraja pr\u00e1ticas sustent\u00e1veis no sector da aquacultura. Isto inclui medidas para minimizar o impacto ambiental, promover a gest\u00e3o respons\u00e1vel dos recursos e assegurar a inclus\u00e3o social. Ao procurar alcan\u00e7ar &nbsp;objectivos de desenvolvimento sustent\u00e1vel, o projeto contribui para a viabilidade a longo prazo do sector da aquicultura e salvaguarda o bem-estar das comunidades que dependem das suas actividades.<\/p>\n\n\n\n<p>Em resumo, a iniciativa MAMAP desempenha um papel crucial no refor\u00e7o do acesso ao mercado para os produtos da aquacultura mo\u00e7ambicana, libertando assim o potencial do sector para impulsionar o desenvolvimento inclusivo e sustent\u00e1vel em Mo\u00e7ambique. Ao abordar os principais desafios e aumentar a competitividade das PMEs de aquacultura, a iniciativa procura contribuir para o crescimento econ\u00f3mico, a cria\u00e7\u00e3o de emprego e a redu\u00e7\u00e3o da pobreza, promovendo simultaneamente a sustentabilidade ambiental e a equidade social.<\/p>\n","protected":false},"excerpt":{"rendered":"<p>Refor\u00e7o do acesso ao mercado &#8211; componente importante para o desenvolvimento inclusivo e sustent\u00e1vel O projeto Acesso ao Mercado dos Produtos da Aquacultura Mo\u00e7ambicana (MAMAP), presta apoio ao Pa\u00eds na [&hellip;]<\/p>\n","protected":false},"author":1,"featured_media":653,"parent":0,"menu_order":0,"comment_status":"open","ping_status":"closed","template":"page-template\/right-template.php","meta":{"footnotes":""},"class_list":["post-119","page","type-page","status-publish","has-post-thumbnail","hentry"],"yoast_head":"<!-- This site is optimized with the Yoast SEO plugin v22.6 - https:\/\/yoast.com\/wordpress\/plugins\/seo\/ -->\n<title>Sobre o projecto - GMAP<\/title>\n<meta name=\"robots\" content=\"index, follow, max-snippet:-1, max-image-preview:large, max-video-preview:-1\" \/>\n<link rel=\"canonical\" href=\"https:\/\/icar.co.mz\/GMAP\/index.php\/sobre-o-projecto\/\" \/>\n<meta property=\"og:locale\" content=\"pt_PT\" \/>\n<meta property=\"og:type\" content=\"article\" \/>\n<meta property=\"og:title\" content=\"Sobre o projecto - GMAP\" \/>\n<meta property=\"og:description\" content=\"Refor\u00e7o do acesso ao mercado &#8211; componente importante para o desenvolvimento inclusivo e sustent\u00e1vel O projeto Acesso ao Mercado dos Produtos da Aquacultura Mo\u00e7ambicana (MAMAP), presta apoio ao Pa\u00eds na [&hellip;]\" \/>\n<meta property=\"og:url\" content=\"https:\/\/icar.co.mz\/GMAP\/index.php\/sobre-o-projecto\/\" \/>\n<meta property=\"og:site_name\" content=\"GMAP\" \/>\n<meta property=\"article:modified_time\" content=\"2024-04-04T14:24:41+00:00\" \/>\n<meta property=\"og:image\" content=\"https:\/\/icar.co.mz\/GMAP\/wp-content\/uploads\/2024\/03\/1692627849511-1-e1710418576197.jpg\" \/>\n\t<meta property=\"og:image:width\" content=\"1024\" \/>\n\t<meta property=\"og:image:height\" content=\"619\" \/>\n\t<meta property=\"og:image:type\" content=\"image\/jpeg\" \/>\n<meta name=\"twitter:card\" content=\"summary_large_image\" \/>\n<meta name=\"twitter:label1\" content=\"Est. reading time\" \/>\n\t<meta name=\"twitter:data1\" content=\"4 minutos\" \/>\n<script type=\"application\/ld+json\" class=\"yoast-schema-graph\">{\"@context\":\"https:\/\/schema.org\",\"@graph\":[{\"@type\":\"WebPage\",\"@id\":\"https:\/\/icar.co.mz\/GMAP\/index.php\/sobre-o-projecto\/\",\"url\":\"https:\/\/icar.co.mz\/GMAP\/index.php\/sobre-o-projecto\/\",\"name\":\"Sobre o projecto - GMAP\",\"isPartOf\":{\"@id\":\"https:\/\/icar.co.mz\/GMAP\/#website\"},\"primaryImageOfPage\":{\"@id\":\"https:\/\/icar.co.mz\/GMAP\/index.php\/sobre-o-projecto\/#primaryimage\"},\"image\":{\"@id\":\"https:\/\/icar.co.mz\/GMAP\/index.php\/sobre-o-projecto\/#primaryimage\"},\"thumbnailUrl\":\"https:\/\/icar.co.mz\/GMAP\/wp-content\/uploads\/2024\/03\/1692627849511-1-e1710418576197.jpg\",\"datePublished\":\"2024-02-29T10:34:28+00:00\",\"dateModified\":\"2024-04-04T14:24:41+00:00\",\"breadcrumb\":{\"@id\":\"https:\/\/icar.co.mz\/GMAP\/index.php\/sobre-o-projecto\/#breadcrumb\"},\"inLanguage\":\"pt-PT\",\"potentialAction\":[{\"@type\":\"ReadAction\",\"target\":[\"https:\/\/icar.co.mz\/GMAP\/index.php\/sobre-o-projecto\/\"]}]},{\"@type\":\"ImageObject\",\"inLanguage\":\"pt-PT\",\"@id\":\"https:\/\/icar.co.mz\/GMAP\/index.php\/sobre-o-projecto\/#primaryimage\",\"url\":\"https:\/\/icar.co.mz\/GMAP\/wp-content\/uploads\/2024\/03\/1692627849511-1-e1710418576197.jpg\",\"contentUrl\":\"https:\/\/icar.co.mz\/GMAP\/wp-content\/uploads\/2024\/03\/1692627849511-1-e1710418576197.jpg\",\"width\":1024,\"height\":619},{\"@type\":\"BreadcrumbList\",\"@id\":\"https:\/\/icar.co.mz\/GMAP\/index.php\/sobre-o-projecto\/#breadcrumb\",\"itemListElement\":[{\"@type\":\"ListItem\",\"position\":1,\"name\":\"Home\",\"item\":\"https:\/\/icar.co.mz\/GMAP\/\"},{\"@type\":\"ListItem\",\"position\":2,\"name\":\"Sobre o projecto\"}]},{\"@type\":\"WebSite\",\"@id\":\"https:\/\/icar.co.mz\/GMAP\/#website\",\"url\":\"https:\/\/icar.co.mz\/GMAP\/\",\"name\":\"GMAP\",\"description\":\"\",\"publisher\":{\"@id\":\"https:\/\/icar.co.mz\/GMAP\/#organization\"},\"potentialAction\":[{\"@type\":\"SearchAction\",\"target\":{\"@type\":\"EntryPoint\",\"urlTemplate\":\"https:\/\/icar.co.mz\/GMAP\/?s={search_term_string}\"},\"query-input\":\"required name=search_term_string\"}],\"inLanguage\":\"pt-PT\"},{\"@type\":\"Organization\",\"@id\":\"https:\/\/icar.co.mz\/GMAP\/#organization\",\"name\":\"GMAP\",\"url\":\"https:\/\/icar.co.mz\/GMAP\/\",\"logo\":{\"@type\":\"ImageObject\",\"inLanguage\":\"pt-PT\",\"@id\":\"https:\/\/icar.co.mz\/GMAP\/#\/schema\/logo\/image\/\",\"url\":\"https:\/\/icar.co.mz\/GMAP\/wp-content\/uploads\/2024\/03\/MAMAP-LOGO.jpg\",\"contentUrl\":\"https:\/\/icar.co.mz\/GMAP\/wp-content\/uploads\/2024\/03\/MAMAP-LOGO.jpg\",\"width\":992,\"height\":357,\"caption\":\"GMAP\"},\"image\":{\"@id\":\"https:\/\/icar.co.mz\/GMAP\/#\/schema\/logo\/image\/\"}}]}<\/script>\n<!-- \/ Yoast SEO plugin. -->","yoast_head_json":{"title":"Sobre o projecto - GMAP","robots":{"index":"index","follow":"follow","max-snippet":"max-snippet:-1","max-image-preview":"max-image-preview:large","max-video-preview":"max-video-preview:-1"},"canonical":"https:\/\/icar.co.mz\/GMAP\/index.php\/sobre-o-projecto\/","og_locale":"pt_PT","og_type":"article","og_title":"Sobre o projecto - GMAP","og_description":"Refor\u00e7o do acesso ao mercado &#8211; componente importante para o desenvolvimento inclusivo e sustent\u00e1vel O projeto Acesso ao Mercado dos Produtos da Aquacultura Mo\u00e7ambicana (MAMAP), presta apoio ao Pa\u00eds na [&hellip;]","og_url":"https:\/\/icar.co.mz\/GMAP\/index.php\/sobre-o-projecto\/","og_site_name":"GMAP","article_modified_time":"2024-04-04T14:24:41+00:00","og_image":[{"width":1024,"height":619,"url":"https:\/\/icar.co.mz\/GMAP\/wp-content\/uploads\/2024\/03\/1692627849511-1-e1710418576197.jpg","type":"image\/jpeg"}],"twitter_card":"summary_large_image","twitter_misc":{"Est. reading time":"4 minutos"},"schema":{"@context":"https:\/\/schema.org","@graph":[{"@type":"WebPage","@id":"https:\/\/icar.co.mz\/GMAP\/index.php\/sobre-o-projecto\/","url":"https:\/\/icar.co.mz\/GMAP\/index.php\/sobre-o-projecto\/","name":"Sobre o projecto - GMAP","isPartOf":{"@id":"https:\/\/icar.co.mz\/GMAP\/#website"},"primaryImageOfPage":{"@id":"https:\/\/icar.co.mz\/GMAP\/index.php\/sobre-o-projecto\/#primaryimage"},"image":{"@id":"https:\/\/icar.co.mz\/GMAP\/index.php\/sobre-o-projecto\/#primaryimage"},"thumbnailUrl":"https:\/\/icar.co.mz\/GMAP\/wp-content\/uploads\/2024\/03\/1692627849511-1-e1710418576197.jpg","datePublished":"2024-02-29T10:34:28+00:00","dateModified":"2024-04-04T14:24:41+00:00","breadcrumb":{"@id":"https:\/\/icar.co.mz\/GMAP\/index.php\/sobre-o-projecto\/#breadcrumb"},"inLanguage":"pt-PT","potentialAction":[{"@type":"ReadAction","target":["https:\/\/icar.co.mz\/GMAP\/index.php\/sobre-o-projecto\/"]}]},{"@type":"ImageObject","inLanguage":"pt-PT","@id":"https:\/\/icar.co.mz\/GMAP\/index.php\/sobre-o-projecto\/#primaryimage","url":"https:\/\/icar.co.mz\/GMAP\/wp-content\/uploads\/2024\/03\/1692627849511-1-e1710418576197.jpg","contentUrl":"https:\/\/icar.co.mz\/GMAP\/wp-content\/uploads\/2024\/03\/1692627849511-1-e1710418576197.jpg","width":1024,"height":619},{"@type":"BreadcrumbList","@id":"https:\/\/icar.co.mz\/GMAP\/index.php\/sobre-o-projecto\/#breadcrumb","itemListElement":[{"@type":"ListItem","position":1,"name":"Home","item":"https:\/\/icar.co.mz\/GMAP\/"},{"@type":"ListItem","position":2,"name":"Sobre o projecto"}]},{"@type":"WebSite","@id":"https:\/\/icar.co.mz\/GMAP\/#website","url":"https:\/\/icar.co.mz\/GMAP\/","name":"GMAP","description":"","publisher":{"@id":"https:\/\/icar.co.mz\/GMAP\/#organization"},"potentialAction":[{"@type":"SearchAction","target":{"@type":"EntryPoint","urlTemplate":"https:\/\/icar.co.mz\/GMAP\/?s={search_term_string}"},"query-input":"required name=search_term_string"}],"inLanguage":"pt-PT"},{"@type":"Organization","@id":"https:\/\/icar.co.mz\/GMAP\/#organization","name":"GMAP","url":"https:\/\/icar.co.mz\/GMAP\/","logo":{"@type":"ImageObject","inLanguage":"pt-PT","@id":"https:\/\/icar.co.mz\/GMAP\/#\/schema\/logo\/image\/","url":"https:\/\/icar.co.mz\/GMAP\/wp-content\/uploads\/2024\/03\/MAMAP-LOGO.jpg","contentUrl":"https:\/\/icar.co.mz\/GMAP\/wp-content\/uploads\/2024\/03\/MAMAP-LOGO.jpg","width":992,"height":357,"caption":"GMAP"},"image":{"@id":"https:\/\/icar.co.mz\/GMAP\/#\/schema\/logo\/image\/"}}]}},"_links":{"self":[{"href":"https:\/\/icar.co.mz\/GMAP\/index.php\/wp-json\/wp\/v2\/pages\/119","targetHints":{"allow":["GET"]}}],"collection":[{"href":"https:\/\/icar.co.mz\/GMAP\/index.php\/wp-json\/wp\/v2\/pages"}],"about":[{"href":"https:\/\/icar.co.mz\/GMAP\/index.php\/wp-json\/wp\/v2\/types\/page"}],"author":[{"embeddable":true,"href":"https:\/\/icar.co.mz\/GMAP\/index.php\/wp-json\/wp\/v2\/users\/1"}],"replies":[{"embeddable":true,"href":"https:\/\/icar.co.mz\/GMAP\/index.php\/wp-json\/wp\/v2\/comments?post=119"}],"version-history":[{"count":7,"href":"https:\/\/icar.co.mz\/GMAP\/index.php\/wp-json\/wp\/v2\/pages\/119\/revisions"}],"predecessor-version":[{"id":683,"href":"https:\/\/icar.co.mz\/GMAP\/index.php\/wp-json\/wp\/v2\/pages\/119\/revisions\/683"}],"wp:featuredmedia":[{"embeddable":true,"href":"https:\/\/icar.co.mz\/GMAP\/index.php\/wp-json\/wp\/v2\/media\/653"}],"wp:attachment":[{"href":"https:\/\/icar.co.mz\/GMAP\/index.php\/wp-json\/wp\/v2\/media?parent=119"}],"curies":[{"name":"wp","href":"https:\/\/api.w.org\/{rel}","templated":true}]}}